{"id":32,"date":"2025-01-27T11:04:17","date_gmt":"2025-01-27T14:04:17","guid":{"rendered":"https:\/\/novosite.chefsfactory.com.br\/?page_id=32"},"modified":"2025-02-04T14:00:23","modified_gmt":"2025-02-04T17:00:23","slug":"diferenciais","status":"publish","type":"page","link":"https:\/\/novosite.chefsfactory.com.br\/?page_id=32","title":{"rendered":"DIFERENCIAIS"},"content":{"rendered":"\t\t<div data-elementor-type=\"wp-page\" data-elementor-id=\"32\" class=\"elementor elementor-32\">\n\t\t\t\t<div class=\"elementor-element elementor-element-3e21f7b e-flex e-con-boxed e-con e-parent\" data-id=\"3e21f7b\" data-element_type=\"container\" data-settings=\"{&quot;jet_parallax_layout_list&quot;:[]}\">\n\t\t\t\t\t<div class=\"e-con-inner\">\n\t\t<div class=\"elementor-element elementor-element-6a5ae30 e-con-full e-flex e-con e-child\" data-id=\"6a5ae30\" data-element_type=\"container\" data-settings=\"{&quot;jet_parallax_layout_list&quot;:[]}\">\n\t\t\t\t<div class=\"elementor-element elementor-element-3327266 elementor-widget elementor-widget-heading\" data-id=\"3327266\" data-element_type=\"widget\" data-widget_type=\"heading.default\">\n\t\t\t\t<div class=\"elementor-widget-container\">\n\t\t\t\t\t<h2 class=\"elementor-heading-title elementor-size-default\">Diferenciais no Mercado<\/h2>\t\t\t\t<\/div>\n\t\t\t\t<\/div>\n\t\t\t\t<\/div>\n\t\t\t\t\t<\/div>\n\t\t\t\t<\/div>\n\t\t<div class=\"elementor-element elementor-element-b82175a e-flex e-con-boxed e-con e-parent\" data-id=\"b82175a\" data-element_type=\"container\" data-settings=\"{&quot;background_background&quot;:&quot;classic&quot;,&quot;jet_parallax_layout_list&quot;:[]}\">\n\t\t\t\t\t<div class=\"e-con-inner\">\n\t\t<div class=\"elementor-element elementor-element-5c48178 e-con-full e-flex e-con e-child\" data-id=\"5c48178\" data-element_type=\"container\" data-settings=\"{&quot;jet_parallax_layout_list&quot;:[]}\">\n\t\t\t\t<div class=\"elementor-element elementor-element-21a6aa9 elementor-widget__width-initial elementor-widget elementor-widget-text-editor\" data-id=\"21a6aa9\" data-element_type=\"widget\" data-widget_type=\"text-editor.default\">\n\t\t\t\t<div class=\"elementor-widget-container\">\n\t\t\t\t\t\t\t\t\t<p>\u00a0 \u00a0Al\u00e9m do evidente diferencial sensorial dos alimentos, nos destacamos por produzir alimentos fermentados, assados e ultracongelados, diferente da grande maioria das ind\u00fastrias de alimentos concorrentes, que vendem somente alimentos &#8220;in natura&#8221;. Mas por que isso \u00e9 t\u00e3o importante? Quando o cliente compra alimentos &#8220;in natura&#8221;, ele necessita efetuar a fermenta\u00e7\u00e3o dos produtos em seu estabelecimento e muitas vezes sem as fermentadoras adequadas, o que coloca em risco a padroniza\u00e7\u00e3o dos alimentos, com itens de tamanhos diferentes. Outros clientes ainda optam por colocar o produto &#8220;in natura&#8221; diretamente no forno para assar, comprometendo a leveza da massa folhada, que acaba ficando abatumada. Al\u00e9m disso, o cliente com produtos &#8220;in natura&#8221; precisa ass\u00e1-los do zero, utilizando um longo tempo de forno para o assamento completo, o que for\u00e7a o estabelecimento a assar fornadas com muitos itens de uma \u00fanica s\u00f3 vez, trazendo diversos problemas:<\/p><p>&#8211; Alimentos com pouco frescor, afinal muitos clientes pedir\u00e3o produtos horas depois da fornada e acabar\u00e3o comendo alimentos requentados;<br \/>&#8211; Maior desperd\u00edcio na opera\u00e7\u00e3o, uma vez que o risco de sobrar alimentos ao final do dia \u00e9 muito maior;<br \/>&#8211; Maior risco de perda de produtos por data de vencimento, uma vez que o produto &#8220;in natura&#8221; n\u00e3o pode ficar congelado mais do que um m\u00eas, em virtude da perca de pot\u00eancia na fermenta\u00e7\u00e3o;<br \/>&#8211; Maior custo de g\u00e1s ou energia el\u00e9trica, devido o grande tempo de utiliza\u00e7\u00e3o de forno.<\/p><p>\u00a0 \u00a0<\/p>\t\t\t\t\t\t\t\t<\/div>\n\t\t\t\t<\/div>\n\t\t\t\t<div class=\"elementor-element elementor-element-5cada14 animated-slow elementor-widget-divider--view-line elementor-invisible elementor-widget elementor-widget-divider\" data-id=\"5cada14\" data-element_type=\"widget\" data-settings=\"{&quot;_animation&quot;:&quot;fadeIn&quot;}\" data-widget_type=\"divider.default\">\n\t\t\t\t<div class=\"elementor-widget-container\">\n\t\t\t\t\t\t\t<div class=\"elementor-divider\">\n\t\t\t<span class=\"elementor-divider-separator\">\n\t\t\t\t\t\t<\/span>\n\t\t<\/div>\n\t\t\t\t\t\t<\/div>\n\t\t\t\t<\/div>\n\t\t\t\t<div class=\"elementor-element elementor-element-a236ed0 elementor-widget__width-initial elementor-widget elementor-widget-text-editor\" data-id=\"a236ed0\" data-element_type=\"widget\" data-widget_type=\"text-editor.default\">\n\t\t\t\t<div class=\"elementor-widget-container\">\n\t\t\t\t\t\t\t\t\t<p>\u00a0 \u00a0J\u00e1 os clientes Chef&#8217;s Factory podem preparar alimentos em poucos minutos e sob demanda para seu cliente, dando adeus \u00e0s grandes e custosas fornadas. Mas como isso \u00e9 poss\u00edvel? O alimentos da Chef&#8217;s Factory s\u00e3o fermentados, assados e passam pelo moderno processo de ultracongelamento, bastando uma r\u00e1pida regenera\u00e7\u00e3o (finaliza\u00e7\u00e3o em forno) do alimento no estabelecimento para que eles estejam prontos para consumo. Com o ultracongelamento, conseguimos ainda manter preservadas as caracter\u00edsticas organol\u00e9pticas dos alimentos. Na pr\u00e1tica, \u00e9 como se o produto tivesse sido feito naquele momento, mantendo o frescor, a textura e a sabor! Outro fator relevante \u00e9 o estendido tempo de seis meses de validade, sem nenhuma adi\u00e7\u00e3o de conservantes! Portanto, em resumo o cliente Chef&#8217;s Factory ganha:<br \/>&#8211; Alimento feito em poucos minutos, sempre fresco e quentinho;<br \/>&#8211; Desperd\u00edcio pr\u00f3ximo de zero, aumentando a margem do neg\u00f3cio com um CMV (custo m\u00e9dio de vendas) real reduzido;<br \/>&#8211; Menor risco de perda de produtos por data de vencimento expirada;<br \/>&#8211; Maior economia na opera\u00e7\u00e3o, com menor tempo de utiliza\u00e7\u00e3o de forno;<br \/>&#8211; Facilidade no preparo, sem precisar de m\u00e3o de obra com expertise espec\u00edfico;<br \/>&#8211; Necessidade de menor infraestrutura, bastando um freezer, forno e expositor de alimentos.<\/p>\t\t\t\t\t\t\t\t<\/div>\n\t\t\t\t<\/div>\n\t\t\t\t<\/div>\n\t\t<div class=\"elementor-element elementor-element-be7696b e-con-full e-flex e-con e-child\" data-id=\"be7696b\" data-element_type=\"container\" data-settings=\"{&quot;jet_parallax_layout_list&quot;:[]}\">\n\t\t\t\t<div class=\"elementor-element elementor-element-82f9b22 elementor-widget__width-initial animated-slow elementor-invisible elementor-widget elementor-widget-image\" data-id=\"82f9b22\" data-element_type=\"widget\" data-settings=\"{&quot;_animation&quot;:&quot;fadeInRight&quot;}\" data-widget_type=\"image.default\">\n\t\t\t\t<div class=\"elementor-widget-container\">\n\t\t\t\t\t\t\t\t\t\t\t\t\t\t\t<img decoding=\"async\" src=\"https:\/\/novosite.chefsfactory.com.br\/wp-content\/uploads\/2025\/02\/Imagem1.jpg\" title=\"Imagem1\" alt=\"Imagem1\" loading=\"lazy\" \/>\t\t\t\t\t\t\t\t\t\t\t\t\t\t\t<\/div>\n\t\t\t\t<\/div>\n\t\t\t\t<div class=\"elementor-element elementor-element-59cf11b elementor-widget__width-initial animated-slow elementor-invisible elementor-widget elementor-widget-image\" data-id=\"59cf11b\" data-element_type=\"widget\" data-settings=\"{&quot;_animation&quot;:&quot;fadeInRight&quot;,&quot;_animation_delay&quot;:1800}\" data-widget_type=\"image.default\">\n\t\t\t\t<div class=\"elementor-widget-container\">\n\t\t\t\t\t\t\t\t\t\t\t\t\t\t\t<img decoding=\"async\" src=\"https:\/\/novosite.chefsfactory.com.br\/wp-content\/uploads\/elementor\/thumbs\/IMG_3064-r10iv4opdqbzcm56he6uu9hl8eh1hyry7ia0mo97os.jpg\" title=\"IMG_3064\" alt=\"IMG_3064\" loading=\"lazy\" \/>\t\t\t\t\t\t\t\t\t\t\t\t\t\t\t<\/div>\n\t\t\t\t<\/div>\n\t\t\t\t<\/div>\n\t\t\t\t\t<\/div>\n\t\t\t\t<\/div>\n\t\t\t\t<\/div>\n\t\t","protected":false},"excerpt":{"rendered":"<p>Diferenciais no Mercado \u00a0 \u00a0Al\u00e9m do evidente diferencial sensorial dos alimentos, nos destacamos por produzir alimentos fermentados, assados e ultracongelados, diferente da grande maioria das ind\u00fastrias de alimentos concorrentes, que vendem somente alimentos &#8220;in natura&#8221;. Mas por que isso \u00e9 t\u00e3o importante? Quando o cliente compra alimentos &#8220;in natura&#8221;, ele necessita efetuar a fermenta\u00e7\u00e3o dos [&hellip;]<\/p>\n","protected":false},"author":1,"featured_media":0,"parent":0,"menu_order":0,"comment_status":"closed","ping_status":"closed","template":"elementor_header_footer","meta":{"footnotes":""},"class_list":["post-32","page","type-page","status-publish","hentry"],"_links":{"self":[{"href":"https:\/\/novosite.chefsfactory.com.br\/index.php?rest_route=\/wp\/v2\/pages\/32","targetHints":{"allow":["GET"]}}],"collection":[{"href":"https:\/\/novosite.chefsfactory.com.br\/index.php?rest_route=\/wp\/v2\/pages"}],"about":[{"href":"https:\/\/novosite.chefsfactory.com.br\/index.php?rest_route=\/wp\/v2\/types\/page"}],"author":[{"embeddable":true,"href":"https:\/\/novosite.chefsfactory.com.br\/index.php?rest_route=\/wp\/v2\/users\/1"}],"replies":[{"embeddable":true,"href":"https:\/\/novosite.chefsfactory.com.br\/index.php?rest_route=%2Fwp%2Fv2%2Fcomments&post=32"}],"version-history":[{"count":67,"href":"https:\/\/novosite.chefsfactory.com.br\/index.php?rest_route=\/wp\/v2\/pages\/32\/revisions"}],"predecessor-version":[{"id":1047,"href":"https:\/\/novosite.chefsfactory.com.br\/index.php?rest_route=\/wp\/v2\/pages\/32\/revisions\/1047"}],"wp:attachment":[{"href":"https:\/\/novosite.chefsfactory.com.br\/index.php?rest_route=%2Fwp%2Fv2%2Fmedia&parent=32"}],"curies":[{"name":"wp","href":"https:\/\/api.w.org\/{rel}","templated":true}]}}