{"id":38,"date":"2025-01-27T11:05:11","date_gmt":"2025-01-27T14:05:11","guid":{"rendered":"https:\/\/novosite.chefsfactory.com.br\/?page_id=38"},"modified":"2025-02-06T14:01:39","modified_gmt":"2025-02-06T17:01:39","slug":"como-pedir","status":"publish","type":"page","link":"https:\/\/novosite.chefsfactory.com.br\/?page_id=38","title":{"rendered":"COMO PEDIR ?"},"content":{"rendered":"\t\t<div data-elementor-type=\"wp-page\" data-elementor-id=\"38\" class=\"elementor elementor-38\">\n\t\t\t\t<div class=\"elementor-element elementor-element-8b9332d e-flex e-con-boxed e-con e-parent\" data-id=\"8b9332d\" data-element_type=\"container\" data-settings=\"{&quot;jet_parallax_layout_list&quot;:[]}\">\n\t\t\t\t\t<div class=\"e-con-inner\">\n\t\t<div class=\"elementor-element elementor-element-b27eed4 e-con-full e-flex e-con e-child\" data-id=\"b27eed4\" data-element_type=\"container\" data-settings=\"{&quot;jet_parallax_layout_list&quot;:[]}\">\n\t\t\t\t<div class=\"elementor-element elementor-element-72afd9e elementor-invisible elementor-widget elementor-widget-heading\" data-id=\"72afd9e\" data-element_type=\"widget\" data-settings=\"{&quot;_animation&quot;:&quot;fadeIn&quot;}\" data-widget_type=\"heading.default\">\n\t\t\t\t<div class=\"elementor-widget-container\">\n\t\t\t\t\t<h2 class=\"elementor-heading-title elementor-size-default\">COMO PEDIR<\/h2>\t\t\t\t<\/div>\n\t\t\t\t<\/div>\n\t\t\t\t<\/div>\n\t\t<div class=\"elementor-element elementor-element-0afe3a6 e-con-full e-flex e-con e-child\" data-id=\"0afe3a6\" data-element_type=\"container\" data-settings=\"{&quot;jet_parallax_layout_list&quot;:[]}\">\n\t\t\t\t<\/div>\n\t\t\t\t\t<\/div>\n\t\t\t\t<\/div>\n\t\t<div class=\"elementor-element elementor-element-4bdcb82 e-flex e-con-boxed e-con e-parent\" data-id=\"4bdcb82\" data-element_type=\"container\" data-settings=\"{&quot;jet_parallax_layout_list&quot;:[]}\">\n\t\t\t\t\t<div class=\"e-con-inner\">\n\t\t<div class=\"elementor-element elementor-element-43666e3 e-con-full e-flex e-con e-child\" data-id=\"43666e3\" data-element_type=\"container\" data-settings=\"{&quot;jet_parallax_layout_list&quot;:[]}\">\n\t\t\t\t<div class=\"elementor-element elementor-element-6c01076 animated-slow elementor-invisible elementor-widget elementor-widget-heading\" data-id=\"6c01076\" data-element_type=\"widget\" data-settings=\"{&quot;_animation&quot;:&quot;fadeInLeft&quot;,&quot;_animation_delay&quot;:2}\" data-widget_type=\"heading.default\">\n\t\t\t\t<div class=\"elementor-widget-container\">\n\t\t\t\t\t<h2 class=\"elementor-heading-title elementor-size-default\">CADASTRO INICIAL<\/h2>\t\t\t\t<\/div>\n\t\t\t\t<\/div>\n\t\t\t\t<div class=\"elementor-element elementor-element-14bc596 animated-slow elementor-invisible elementor-widget elementor-widget-text-editor\" data-id=\"14bc596\" data-element_type=\"widget\" data-settings=\"{&quot;_animation&quot;:&quot;fadeInLeft&quot;}\" data-widget_type=\"text-editor.default\">\n\t\t\t\t<div class=\"elementor-widget-container\">\n\t\t\t\t\t\t\t\t\t<p>\u00a0 \u00a0Informa\u00e7\u00f5es necess\u00e1rias antes do primeiro pedido: nome fantasia; raz\u00e3o social; CNPJ; inscri\u00e7\u00e3o estadual; endere\u00e7o; telefone; nome do contato e e-mail.<\/p>\t\t\t\t\t\t\t\t<\/div>\n\t\t\t\t<\/div>\n\t\t\t\t<div class=\"elementor-element elementor-element-3a1e280 elementor-widget-divider--view-line elementor-invisible elementor-widget elementor-widget-divider\" data-id=\"3a1e280\" data-element_type=\"widget\" data-settings=\"{&quot;_animation&quot;:&quot;fadeIn&quot;}\" data-widget_type=\"divider.default\">\n\t\t\t\t<div class=\"elementor-widget-container\">\n\t\t\t\t\t\t\t<div class=\"elementor-divider\">\n\t\t\t<span class=\"elementor-divider-separator\">\n\t\t\t\t\t\t<\/span>\n\t\t<\/div>\n\t\t\t\t\t\t<\/div>\n\t\t\t\t<\/div>\n\t\t\t\t<div class=\"elementor-element elementor-element-f492754 animated-slow elementor-invisible elementor-widget elementor-widget-heading\" data-id=\"f492754\" data-element_type=\"widget\" data-settings=\"{&quot;_animation&quot;:&quot;fadeInLeft&quot;}\" data-widget_type=\"heading.default\">\n\t\t\t\t<div class=\"elementor-widget-container\">\n\t\t\t\t\t<h2 class=\"elementor-heading-title elementor-size-default\">PEDIDOS<\/h2>\t\t\t\t<\/div>\n\t\t\t\t<\/div>\n\t\t\t\t<div class=\"elementor-element elementor-element-ccd7da2 animated-slow elementor-invisible elementor-widget elementor-widget-text-editor\" data-id=\"ccd7da2\" data-element_type=\"widget\" data-settings=\"{&quot;_animation&quot;:&quot;fadeInLeft&quot;,&quot;_animation_delay&quot;:2}\" data-widget_type=\"text-editor.default\">\n\t\t\t\t<div class=\"elementor-widget-container\">\n\t\t\t\t\t\t\t\t\t<div class=\"bx-im-message-default__container\"><div class=\"bx-im-message-default-content__container bx-im-message-default-content__scope\"><div class=\"bx-im-message-default-content__text\">\u00a0 \u00a0 Devem ser feitos pelo WhatsApp no telefone (41) 99166-8691. Voc\u00ea receber\u00e1 uma mensagem semanal desse n\u00famero para lembr\u00e1-lo do pedido.<\/div><div class=\"bx-im-message-default-content__bottom-panel\"><div class=\"bx-im-message-default-content__status-container\"><div class=\"bx-im-message-status__container bx-im-message-status__scope\"><div class=\"bx-im-message-status__date\">17:42<\/div><\/div><\/div><\/div><\/div><\/div><div class=\"bx-im-reaction-selector__container\"><div class=\"bx-im-reaction-selector__selector\">\u00a0<\/div><\/div>\t\t\t\t\t\t\t\t<\/div>\n\t\t\t\t<\/div>\n\t\t\t\t<\/div>\n\t\t<div class=\"elementor-element elementor-element-8420798 e-con-full e-flex e-con e-child\" data-id=\"8420798\" data-element_type=\"container\" data-settings=\"{&quot;jet_parallax_layout_list&quot;:[]}\">\n\t\t\t\t<\/div>\n\t\t\t\t\t<\/div>\n\t\t\t\t<\/div>\n\t\t\t\t<\/div>\n\t\t","protected":false},"excerpt":{"rendered":"<p>COMO PEDIR CADASTRO INICIAL \u00a0 \u00a0Informa\u00e7\u00f5es necess\u00e1rias antes do primeiro pedido: nome fantasia; raz\u00e3o social; CNPJ; inscri\u00e7\u00e3o estadual; endere\u00e7o; telefone; nome do contato e e-mail. PEDIDOS \u00a0 \u00a0 Devem ser feitos pelo WhatsApp no telefone (41) 99166-8691. Voc\u00ea receber\u00e1 uma mensagem semanal desse n\u00famero para lembr\u00e1-lo do pedido.17:42\u00a0<\/p>\n","protected":false},"author":1,"featured_media":0,"parent":0,"menu_order":0,"comment_status":"closed","ping_status":"closed","template":"elementor_header_footer","meta":{"footnotes":""},"class_list":["post-38","page","type-page","status-publish","hentry"],"_links":{"self":[{"href":"https:\/\/novosite.chefsfactory.com.br\/index.php?rest_route=\/wp\/v2\/pages\/38","targetHints":{"allow":["GET"]}}],"collection":[{"href":"https:\/\/novosite.chefsfactory.com.br\/index.php?rest_route=\/wp\/v2\/pages"}],"about":[{"href":"https:\/\/novosite.chefsfactory.com.br\/index.php?rest_route=\/wp\/v2\/types\/page"}],"author":[{"embeddable":true,"href":"https:\/\/novosite.chefsfactory.com.br\/index.php?rest_route=\/wp\/v2\/users\/1"}],"replies":[{"embeddable":true,"href":"https:\/\/novosite.chefsfactory.com.br\/index.php?rest_route=%2Fwp%2Fv2%2Fcomments&post=38"}],"version-history":[{"count":34,"href":"https:\/\/novosite.chefsfactory.com.br\/index.php?rest_route=\/wp\/v2\/pages\/38\/revisions"}],"predecessor-version":[{"id":1527,"href":"https:\/\/novosite.chefsfactory.com.br\/index.php?rest_route=\/wp\/v2\/pages\/38\/revisions\/1527"}],"wp:attachment":[{"href":"https:\/\/novosite.chefsfactory.com.br\/index.php?rest_route=%2Fwp%2Fv2%2Fmedia&parent=38"}],"curies":[{"name":"wp","href":"https:\/\/api.w.org\/{rel}","templated":true}]}}