{"id":665,"date":"2025-01-31T11:54:27","date_gmt":"2025-01-31T14:54:27","guid":{"rendered":"https:\/\/novosite.chefsfactory.com.br\/?page_id=665"},"modified":"2025-04-23T11:46:21","modified_gmt":"2025-04-23T14:46:21","slug":"quiches","status":"publish","type":"page","link":"https:\/\/novosite.chefsfactory.com.br\/?page_id=665","title":{"rendered":"QUICHES"},"content":{"rendered":"\t\t<div data-elementor-type=\"wp-page\" data-elementor-id=\"665\" class=\"elementor elementor-665\">\n\t\t\t\t<div class=\"elementor-element elementor-element-ce94fd6 e-flex e-con-boxed e-con e-parent\" data-id=\"ce94fd6\" data-element_type=\"container\" data-settings=\"{&quot;jet_parallax_layout_list&quot;:[]}\">\n\t\t\t\t\t<div class=\"e-con-inner\">\n\t\t\t\t<div class=\"elementor-element elementor-element-c147b1e elementor-widget elementor-widget-heading\" data-id=\"c147b1e\" data-element_type=\"widget\" data-widget_type=\"heading.default\">\n\t\t\t\t<div class=\"elementor-widget-container\">\n\t\t\t\t\t<h2 class=\"elementor-heading-title elementor-size-default\">Quiches<\/h2>\t\t\t\t<\/div>\n\t\t\t\t<\/div>\n\t\t\t\t\t<\/div>\n\t\t\t\t<\/div>\n\t\t<div class=\"elementor-element elementor-element-2e68368 e-flex e-con-boxed e-con e-parent\" data-id=\"2e68368\" data-element_type=\"container\" data-settings=\"{&quot;jet_parallax_layout_list&quot;:[]}\">\n\t\t\t\t\t<div class=\"e-con-inner\">\n\t\t<div class=\"elementor-element elementor-element-e92c43f e-con-full e-flex elementor-invisible e-con e-child\" data-id=\"e92c43f\" data-element_type=\"container\" data-settings=\"{&quot;jet_parallax_layout_list&quot;:[],&quot;animation&quot;:&quot;fadeInLeft&quot;}\">\n\t\t\t\t<div class=\"elementor-element elementor-element-844b80d elementor-widget__width-initial elementor-widget elementor-widget-image\" data-id=\"844b80d\" data-element_type=\"widget\" data-widget_type=\"image.default\">\n\t\t\t\t<div class=\"elementor-widget-container\">\n\t\t\t\t\t\t\t\t\t\t\t\t\t\t\t<img fetchpriority=\"high\" decoding=\"async\" width=\"819\" height=\"1024\" src=\"https:\/\/novosite.chefsfactory.com.br\/wp-content\/uploads\/2025\/04\/Prancheta-14-819x1024.jpg\" class=\"attachment-large size-large wp-image-1994\" alt=\"\" srcset=\"https:\/\/novosite.chefsfactory.com.br\/wp-content\/uploads\/2025\/04\/Prancheta-14-819x1024.jpg 819w, https:\/\/novosite.chefsfactory.com.br\/wp-content\/uploads\/2025\/04\/Prancheta-14-240x300.jpg 240w, https:\/\/novosite.chefsfactory.com.br\/wp-content\/uploads\/2025\/04\/Prancheta-14-768x960.jpg 768w, https:\/\/novosite.chefsfactory.com.br\/wp-content\/uploads\/2025\/04\/Prancheta-14-600x750.jpg 600w, https:\/\/novosite.chefsfactory.com.br\/wp-content\/uploads\/2025\/04\/Prancheta-14.jpg 1024w\" sizes=\"(max-width: 819px) 100vw, 819px\" \/>\t\t\t\t\t\t\t\t\t\t\t\t\t\t\t<\/div>\n\t\t\t\t<\/div>\n\t\t\t\t<\/div>\n\t\t<div class=\"elementor-element elementor-element-e618c38 e-con-full e-flex elementor-invisible e-con e-child\" data-id=\"e618c38\" data-element_type=\"container\" data-settings=\"{&quot;jet_parallax_layout_list&quot;:[],&quot;animation&quot;:&quot;fadeInRight&quot;}\">\n\t\t\t\t<div class=\"elementor-element elementor-element-105e3c7 elementor-widget elementor-widget-heading\" data-id=\"105e3c7\" data-element_type=\"widget\" data-widget_type=\"heading.default\">\n\t\t\t\t<div class=\"elementor-widget-container\">\n\t\t\t\t\t<h2 class=\"elementor-heading-title elementor-size-default\">Quiche de Espinafre<\/h2>\t\t\t\t<\/div>\n\t\t\t\t<\/div>\n\t\t\t\t<div class=\"elementor-element elementor-element-e30b4e2 elementor-widget__width-initial elementor-widget elementor-widget-text-editor\" data-id=\"e30b4e2\" data-element_type=\"widget\" data-widget_type=\"text-editor.default\">\n\t\t\t\t<div class=\"elementor-widget-container\">\n\t\t\t\t\t\t\t\t\t<div class=\"bx-im-message-image__container\"><div class=\"bx-im-message-image__bottom-container\"><div class=\"bx-im-message-default-content__container bx-im-message-default-content__scope\"><div class=\"bx-im-message-default-content__text\"><div class=\"bx-im-message-image__container\"><div class=\"bx-im-message-image__bottom-container\"><div class=\"bx-im-message-default-content__container bx-im-message-default-content__scope\"><div class=\"bx-im-message-default-content__text\">Recheio incrivelmente cremoso, com espinafre presente em cada mordida e um toque de noz-moscada para real\u00e7ar o sabor. A base? Uma massa bris\u00e9e suculenta e delicadamente crocante. Uma op\u00e7\u00e3o perfeita para vegetarianos e ideal para acompanhar saladas ou transformar qualquer momento em uma refei\u00e7\u00e3o completa.<\/div><div class=\"bx-im-message-default-content__bottom-panel\"><div class=\"bx-im-message-default-content__status-container\"><div class=\"bx-im-message-status__container bx-im-message-status__scope\"><div class=\"bx-im-message-status__date\">\u00a0<\/div><\/div><\/div><\/div><\/div><\/div><\/div><div class=\"bx-im-reaction-selector__container\"><div class=\"bx-im-reaction-selector__selector\">\u00a0<\/div><\/div><\/div><\/div><\/div><\/div>\t\t\t\t\t\t\t\t<\/div>\n\t\t\t\t<\/div>\n\t\t\t\t<\/div>\n\t\t\t\t\t<\/div>\n\t\t\t\t<\/div>\n\t\t<div class=\"elementor-element elementor-element-d229732 e-flex e-con-boxed e-con e-parent\" data-id=\"d229732\" data-element_type=\"container\" data-settings=\"{&quot;jet_parallax_layout_list&quot;:[]}\">\n\t\t\t\t\t<div class=\"e-con-inner\">\n\t\t\t\t<div class=\"elementor-element elementor-element-3f7eb75 elementor-widget-divider--view-line elementor-invisible elementor-widget elementor-widget-divider\" data-id=\"3f7eb75\" data-element_type=\"widget\" data-settings=\"{&quot;_animation&quot;:&quot;zoomIn&quot;}\" data-widget_type=\"divider.default\">\n\t\t\t\t<div class=\"elementor-widget-container\">\n\t\t\t\t\t\t\t<div class=\"elementor-divider\">\n\t\t\t<span class=\"elementor-divider-separator\">\n\t\t\t\t\t\t<\/span>\n\t\t<\/div>\n\t\t\t\t\t\t<\/div>\n\t\t\t\t<\/div>\n\t\t\t\t\t<\/div>\n\t\t\t\t<\/div>\n\t\t<div class=\"elementor-element elementor-element-1bc8868 e-flex e-con-boxed e-con e-parent\" data-id=\"1bc8868\" data-element_type=\"container\" data-settings=\"{&quot;jet_parallax_layout_list&quot;:[]}\">\n\t\t\t\t\t<div class=\"e-con-inner\">\n\t\t<div class=\"elementor-element elementor-element-568d945 e-con-full e-flex elementor-invisible e-con e-child\" data-id=\"568d945\" data-element_type=\"container\" data-settings=\"{&quot;jet_parallax_layout_list&quot;:[],&quot;animation&quot;:&quot;fadeInLeft&quot;}\">\n\t\t\t\t<div class=\"elementor-element elementor-element-04012e9 elementor-widget__width-initial elementor-widget elementor-widget-image\" data-id=\"04012e9\" data-element_type=\"widget\" data-widget_type=\"image.default\">\n\t\t\t\t<div class=\"elementor-widget-container\">\n\t\t\t\t\t\t\t\t\t\t\t\t\t\t\t<img decoding=\"async\" width=\"819\" height=\"1024\" src=\"https:\/\/novosite.chefsfactory.com.br\/wp-content\/uploads\/2025\/04\/Prancheta-15-819x1024.jpg\" class=\"attachment-large size-large wp-image-1999\" alt=\"\" srcset=\"https:\/\/novosite.chefsfactory.com.br\/wp-content\/uploads\/2025\/04\/Prancheta-15-819x1024.jpg 819w, https:\/\/novosite.chefsfactory.com.br\/wp-content\/uploads\/2025\/04\/Prancheta-15-240x300.jpg 240w, https:\/\/novosite.chefsfactory.com.br\/wp-content\/uploads\/2025\/04\/Prancheta-15-768x960.jpg 768w, https:\/\/novosite.chefsfactory.com.br\/wp-content\/uploads\/2025\/04\/Prancheta-15-600x750.jpg 600w, https:\/\/novosite.chefsfactory.com.br\/wp-content\/uploads\/2025\/04\/Prancheta-15.jpg 1024w\" sizes=\"(max-width: 819px) 100vw, 819px\" \/>\t\t\t\t\t\t\t\t\t\t\t\t\t\t\t<\/div>\n\t\t\t\t<\/div>\n\t\t\t\t<\/div>\n\t\t<div class=\"elementor-element elementor-element-fba50b5 e-con-full e-flex elementor-invisible e-con e-child\" data-id=\"fba50b5\" data-element_type=\"container\" data-settings=\"{&quot;jet_parallax_layout_list&quot;:[],&quot;animation&quot;:&quot;fadeInRight&quot;}\">\n\t\t\t\t<div class=\"elementor-element elementor-element-cde3726 elementor-widget elementor-widget-heading\" data-id=\"cde3726\" data-element_type=\"widget\" data-widget_type=\"heading.default\">\n\t\t\t\t<div class=\"elementor-widget-container\">\n\t\t\t\t\t<h2 class=\"elementor-heading-title elementor-size-default\">Quiche de Peito de Peru<\/h2>\t\t\t\t<\/div>\n\t\t\t\t<\/div>\n\t\t\t\t<div class=\"elementor-element elementor-element-9c35b55 elementor-widget__width-initial elementor-widget elementor-widget-text-editor\" data-id=\"9c35b55\" data-element_type=\"widget\" data-widget_type=\"text-editor.default\">\n\t\t\t\t<div class=\"elementor-widget-container\">\n\t\t\t\t\t\t\t\t\t<div class=\"bx-im-message-image__container\"><div class=\"bx-im-message-image__bottom-container\"><div class=\"bx-im-message-default-content__container bx-im-message-default-content__scope\"><div class=\"bx-im-message-default-content__text\"><div class=\"bx-im-message-image__container\"><div class=\"bx-im-message-image__bottom-container\"><div class=\"bx-im-message-default-content__container bx-im-message-default-content__scope\"><div class=\"bx-im-message-default-content__text\">Recheio generoso e cremoso, com peda\u00e7os de peito de peru defumado que trazem um sabor marcante. Tudo isso envolto em uma massa bris\u00e9e delicadamente crocante.<\/div><\/div><\/div><\/div><\/div><\/div><\/div><\/div>\t\t\t\t\t\t\t\t<\/div>\n\t\t\t\t<\/div>\n\t\t\t\t<\/div>\n\t\t\t\t\t<\/div>\n\t\t\t\t<\/div>\n\t\t<div class=\"elementor-element elementor-element-578c345 e-flex e-con-boxed e-con e-parent\" data-id=\"578c345\" data-element_type=\"container\" data-settings=\"{&quot;jet_parallax_layout_list&quot;:[]}\">\n\t\t\t\t\t<div class=\"e-con-inner\">\n\t\t\t\t<div class=\"elementor-element elementor-element-d72868c elementor-widget-divider--view-line elementor-invisible elementor-widget elementor-widget-divider\" data-id=\"d72868c\" data-element_type=\"widget\" data-settings=\"{&quot;_animation&quot;:&quot;zoomIn&quot;}\" data-widget_type=\"divider.default\">\n\t\t\t\t<div class=\"elementor-widget-container\">\n\t\t\t\t\t\t\t<div class=\"elementor-divider\">\n\t\t\t<span class=\"elementor-divider-separator\">\n\t\t\t\t\t\t<\/span>\n\t\t<\/div>\n\t\t\t\t\t\t<\/div>\n\t\t\t\t<\/div>\n\t\t\t\t\t<\/div>\n\t\t\t\t<\/div>\n\t\t<div class=\"elementor-element elementor-element-f42833b e-flex e-con-boxed e-con e-parent\" data-id=\"f42833b\" data-element_type=\"container\" data-settings=\"{&quot;jet_parallax_layout_list&quot;:[]}\">\n\t\t\t\t\t<div class=\"e-con-inner\">\n\t\t<div class=\"elementor-element elementor-element-ed1277c e-con-full e-flex elementor-invisible e-con e-child\" data-id=\"ed1277c\" data-element_type=\"container\" data-settings=\"{&quot;jet_parallax_layout_list&quot;:[],&quot;animation&quot;:&quot;fadeInLeft&quot;}\">\n\t\t\t\t<div class=\"elementor-element elementor-element-6bf8cae elementor-widget__width-initial elementor-widget elementor-widget-image\" data-id=\"6bf8cae\" data-element_type=\"widget\" data-widget_type=\"image.default\">\n\t\t\t\t<div class=\"elementor-widget-container\">\n\t\t\t\t\t\t\t\t\t\t\t\t\t\t\t<img decoding=\"async\" width=\"819\" height=\"1024\" src=\"https:\/\/novosite.chefsfactory.com.br\/wp-content\/uploads\/2025\/04\/Prancheta-16-819x1024.jpg\" class=\"attachment-large size-large wp-image-2000\" alt=\"\" srcset=\"https:\/\/novosite.chefsfactory.com.br\/wp-content\/uploads\/2025\/04\/Prancheta-16-819x1024.jpg 819w, https:\/\/novosite.chefsfactory.com.br\/wp-content\/uploads\/2025\/04\/Prancheta-16-240x300.jpg 240w, https:\/\/novosite.chefsfactory.com.br\/wp-content\/uploads\/2025\/04\/Prancheta-16-768x960.jpg 768w, https:\/\/novosite.chefsfactory.com.br\/wp-content\/uploads\/2025\/04\/Prancheta-16-600x750.jpg 600w, https:\/\/novosite.chefsfactory.com.br\/wp-content\/uploads\/2025\/04\/Prancheta-16.jpg 1024w\" sizes=\"(max-width: 819px) 100vw, 819px\" \/>\t\t\t\t\t\t\t\t\t\t\t\t\t\t\t<\/div>\n\t\t\t\t<\/div>\n\t\t\t\t<\/div>\n\t\t<div class=\"elementor-element elementor-element-b0a8746 e-con-full e-flex elementor-invisible e-con e-child\" data-id=\"b0a8746\" data-element_type=\"container\" data-settings=\"{&quot;jet_parallax_layout_list&quot;:[],&quot;animation&quot;:&quot;fadeInRight&quot;}\">\n\t\t\t\t<div class=\"elementor-element elementor-element-bfd0d6c elementor-widget elementor-widget-heading\" data-id=\"bfd0d6c\" data-element_type=\"widget\" data-widget_type=\"heading.default\">\n\t\t\t\t<div class=\"elementor-widget-container\">\n\t\t\t\t\t<h2 class=\"elementor-heading-title elementor-size-default\">Quiche de Presunto e Queijo<\/h2>\t\t\t\t<\/div>\n\t\t\t\t<\/div>\n\t\t\t\t<div class=\"elementor-element elementor-element-cd22bd8 elementor-widget__width-initial elementor-widget elementor-widget-text-editor\" data-id=\"cd22bd8\" data-element_type=\"widget\" data-widget_type=\"text-editor.default\">\n\t\t\t\t<div class=\"elementor-widget-container\">\n\t\t\t\t\t\t\t\t\t<div class=\"bx-im-message-image__container\"><div class=\"bx-im-message-image__bottom-container\"><div class=\"bx-im-message-default-content__container bx-im-message-default-content__scope\"><div class=\"bx-im-message-default-content__text\"><div class=\"bx-im-message-image__container\"><div class=\"bx-im-message-image__bottom-container\"><div class=\"bx-im-message-default-content__container bx-im-message-default-content__scope\"><div class=\"bx-im-message-default-content__text\">A cl\u00e1ssica uni\u00e3o de presunto e queijo em um recheio generoso e cremoso, com base de massa bris\u00e9e crocante e delicada.<\/div><\/div><\/div><\/div><\/div><\/div><\/div><\/div>\t\t\t\t\t\t\t\t<\/div>\n\t\t\t\t<\/div>\n\t\t\t\t<\/div>\n\t\t\t\t\t<\/div>\n\t\t\t\t<\/div>\n\t\t<div class=\"elementor-element elementor-element-8e88915 e-flex e-con-boxed e-con e-parent\" data-id=\"8e88915\" data-element_type=\"container\" data-settings=\"{&quot;jet_parallax_layout_list&quot;:[]}\">\n\t\t\t\t\t<div class=\"e-con-inner\">\n\t\t\t\t<div class=\"elementor-element elementor-element-d706956 elementor-widget-divider--view-line elementor-invisible elementor-widget elementor-widget-divider\" data-id=\"d706956\" data-element_type=\"widget\" data-settings=\"{&quot;_animation&quot;:&quot;zoomIn&quot;}\" data-widget_type=\"divider.default\">\n\t\t\t\t<div class=\"elementor-widget-container\">\n\t\t\t\t\t\t\t<div class=\"elementor-divider\">\n\t\t\t<span class=\"elementor-divider-separator\">\n\t\t\t\t\t\t<\/span>\n\t\t<\/div>\n\t\t\t\t\t\t<\/div>\n\t\t\t\t<\/div>\n\t\t\t\t\t<\/div>\n\t\t\t\t<\/div>\n\t\t<div class=\"elementor-element elementor-element-d5f4657 e-flex e-con-boxed e-con e-parent\" data-id=\"d5f4657\" data-element_type=\"container\" data-settings=\"{&quot;jet_parallax_layout_list&quot;:[]}\">\n\t\t\t\t\t<div class=\"e-con-inner\">\n\t\t<div class=\"elementor-element elementor-element-afd1fa2 e-con-full e-flex elementor-invisible e-con e-child\" data-id=\"afd1fa2\" data-element_type=\"container\" data-settings=\"{&quot;jet_parallax_layout_list&quot;:[],&quot;animation&quot;:&quot;fadeInLeft&quot;}\">\n\t\t\t\t<div class=\"elementor-element elementor-element-cb6d236 elementor-widget__width-initial elementor-widget elementor-widget-image\" data-id=\"cb6d236\" data-element_type=\"widget\" data-widget_type=\"image.default\">\n\t\t\t\t<div class=\"elementor-widget-container\">\n\t\t\t\t\t\t\t\t\t\t\t\t\t\t\t<img loading=\"lazy\" decoding=\"async\" width=\"819\" height=\"1024\" src=\"https:\/\/novosite.chefsfactory.com.br\/wp-content\/uploads\/2025\/04\/Prancheta-17-819x1024.jpg\" class=\"attachment-large size-large wp-image-2001\" alt=\"\" srcset=\"https:\/\/novosite.chefsfactory.com.br\/wp-content\/uploads\/2025\/04\/Prancheta-17-819x1024.jpg 819w, https:\/\/novosite.chefsfactory.com.br\/wp-content\/uploads\/2025\/04\/Prancheta-17-240x300.jpg 240w, https:\/\/novosite.chefsfactory.com.br\/wp-content\/uploads\/2025\/04\/Prancheta-17-768x960.jpg 768w, https:\/\/novosite.chefsfactory.com.br\/wp-content\/uploads\/2025\/04\/Prancheta-17-600x750.jpg 600w, https:\/\/novosite.chefsfactory.com.br\/wp-content\/uploads\/2025\/04\/Prancheta-17.jpg 1024w\" sizes=\"(max-width: 819px) 100vw, 819px\" \/>\t\t\t\t\t\t\t\t\t\t\t\t\t\t\t<\/div>\n\t\t\t\t<\/div>\n\t\t\t\t<\/div>\n\t\t<div class=\"elementor-element elementor-element-d3f4796 e-con-full e-flex elementor-invisible e-con e-child\" data-id=\"d3f4796\" data-element_type=\"container\" data-settings=\"{&quot;jet_parallax_layout_list&quot;:[],&quot;animation&quot;:&quot;fadeInRight&quot;}\">\n\t\t\t\t<div class=\"elementor-element elementor-element-9aab170 elementor-widget elementor-widget-heading\" data-id=\"9aab170\" data-element_type=\"widget\" data-widget_type=\"heading.default\">\n\t\t\t\t<div class=\"elementor-widget-container\">\n\t\t\t\t\t<h2 class=\"elementor-heading-title elementor-size-default\">Quiche de Lorraine<\/h2>\t\t\t\t<\/div>\n\t\t\t\t<\/div>\n\t\t\t\t<div class=\"elementor-element elementor-element-ad3283c elementor-widget__width-initial elementor-widget elementor-widget-text-editor\" data-id=\"ad3283c\" data-element_type=\"widget\" data-widget_type=\"text-editor.default\">\n\t\t\t\t<div class=\"elementor-widget-container\">\n\t\t\t\t\t\t\t\t\t<div class=\"bx-im-message-image__container\"><div class=\"bx-im-message-image__bottom-container\"><div class=\"bx-im-message-default-content__container bx-im-message-default-content__scope\"><div class=\"bx-im-message-default-content__text\"><div class=\"bx-im-message-image__container\"><div class=\"bx-im-message-image__bottom-container\"><div class=\"bx-im-message-default-content__container bx-im-message-default-content__scope\"><div class=\"bx-im-message-default-content__text\">A cl\u00e1ssica uni\u00e3o de presunto e queijo em um recheio generoso e cremoso, com base de massa bris\u00e9e crocante e delicada.<\/div><\/div><\/div><\/div><\/div><\/div><\/div><\/div>\t\t\t\t\t\t\t\t<\/div>\n\t\t\t\t<\/div>\n\t\t\t\t<\/div>\n\t\t\t\t\t<\/div>\n\t\t\t\t<\/div>\n\t\t<div class=\"elementor-element elementor-element-5da5024 e-flex e-con-boxed e-con e-parent\" data-id=\"5da5024\" data-element_type=\"container\" data-settings=\"{&quot;jet_parallax_layout_list&quot;:[]}\">\n\t\t\t\t\t<div class=\"e-con-inner\">\n\t\t\t\t<div class=\"elementor-element elementor-element-408f2b9 elementor-widget-divider--view-line elementor-invisible elementor-widget elementor-widget-divider\" data-id=\"408f2b9\" data-element_type=\"widget\" data-settings=\"{&quot;_animation&quot;:&quot;zoomIn&quot;}\" data-widget_type=\"divider.default\">\n\t\t\t\t<div class=\"elementor-widget-container\">\n\t\t\t\t\t\t\t<div class=\"elementor-divider\">\n\t\t\t<span class=\"elementor-divider-separator\">\n\t\t\t\t\t\t<\/span>\n\t\t<\/div>\n\t\t\t\t\t\t<\/div>\n\t\t\t\t<\/div>\n\t\t\t\t\t<\/div>\n\t\t\t\t<\/div>\n\t\t\t\t<\/div>\n\t\t","protected":false},"excerpt":{"rendered":"<p>Quiches Quiche de Espinafre Recheio incrivelmente cremoso, com espinafre presente em cada mordida e um toque de noz-moscada para real\u00e7ar o sabor. A base? Uma massa bris\u00e9e suculenta e delicadamente crocante. Uma op\u00e7\u00e3o perfeita para vegetarianos e ideal para acompanhar saladas ou transformar qualquer momento em uma refei\u00e7\u00e3o completa.\u00a0\u00a0 Quiche de Peito de Peru Recheio [&hellip;]<\/p>\n","protected":false},"author":1,"featured_media":0,"parent":0,"menu_order":0,"comment_status":"closed","ping_status":"closed","template":"elementor_header_footer","meta":{"footnotes":""},"class_list":["post-665","page","type-page","status-publish","hentry"],"_links":{"self":[{"href":"https:\/\/novosite.chefsfactory.com.br\/index.php?rest_route=\/wp\/v2\/pages\/665","targetHints":{"allow":["GET"]}}],"collection":[{"href":"https:\/\/novosite.chefsfactory.com.br\/index.php?rest_route=\/wp\/v2\/pages"}],"about":[{"href":"https:\/\/novosite.chefsfactory.com.br\/index.php?rest_route=\/wp\/v2\/types\/page"}],"author":[{"embeddable":true,"href":"https:\/\/novosite.chefsfactory.com.br\/index.php?rest_route=\/wp\/v2\/users\/1"}],"replies":[{"embeddable":true,"href":"https:\/\/novosite.chefsfactory.com.br\/index.php?rest_route=%2Fwp%2Fv2%2Fcomments&post=665"}],"version-history":[{"count":4,"href":"https:\/\/novosite.chefsfactory.com.br\/index.php?rest_route=\/wp\/v2\/pages\/665\/revisions"}],"predecessor-version":[{"id":2004,"href":"https:\/\/novosite.chefsfactory.com.br\/index.php?rest_route=\/wp\/v2\/pages\/665\/revisions\/2004"}],"wp:attachment":[{"href":"https:\/\/novosite.chefsfactory.com.br\/index.php?rest_route=%2Fwp%2Fv2%2Fmedia&parent=665"}],"curies":[{"name":"wp","href":"https:\/\/api.w.org\/{rel}","templated":true}]}}