{"id":668,"date":"2025-01-31T11:54:42","date_gmt":"2025-01-31T14:54:42","guid":{"rendered":"https:\/\/novosite.chefsfactory.com.br\/?page_id=668"},"modified":"2025-04-23T11:54:03","modified_gmt":"2025-04-23T14:54:03","slug":"rolls","status":"publish","type":"page","link":"https:\/\/novosite.chefsfactory.com.br\/?page_id=668","title":{"rendered":"ROLLS"},"content":{"rendered":"\t\t<div data-elementor-type=\"wp-page\" data-elementor-id=\"668\" class=\"elementor elementor-668\">\n\t\t\t\t<div class=\"elementor-element elementor-element-acb5716 e-flex e-con-boxed e-con e-parent\" data-id=\"acb5716\" data-element_type=\"container\" data-settings=\"{&quot;jet_parallax_layout_list&quot;:[]}\">\n\t\t\t\t\t<div class=\"e-con-inner\">\n\t\t\t\t<div class=\"elementor-element elementor-element-cab20e9 elementor-widget elementor-widget-heading\" data-id=\"cab20e9\" data-element_type=\"widget\" data-widget_type=\"heading.default\">\n\t\t\t\t<div class=\"elementor-widget-container\">\n\t\t\t\t\t<h2 class=\"elementor-heading-title elementor-size-default\">Rolls<\/h2>\t\t\t\t<\/div>\n\t\t\t\t<\/div>\n\t\t\t\t\t<\/div>\n\t\t\t\t<\/div>\n\t\t<div class=\"elementor-element elementor-element-2eb0991 e-flex e-con-boxed e-con e-parent\" data-id=\"2eb0991\" data-element_type=\"container\" data-settings=\"{&quot;jet_parallax_layout_list&quot;:[]}\">\n\t\t\t\t\t<div class=\"e-con-inner\">\n\t\t<div class=\"elementor-element elementor-element-9123b0f e-con-full e-flex elementor-invisible e-con e-child\" data-id=\"9123b0f\" data-element_type=\"container\" data-settings=\"{&quot;jet_parallax_layout_list&quot;:[],&quot;animation&quot;:&quot;fadeInLeft&quot;}\">\n\t\t\t\t<div class=\"elementor-element elementor-element-ddc054c elementor-widget__width-initial elementor-widget elementor-widget-image\" data-id=\"ddc054c\" data-element_type=\"widget\" data-widget_type=\"image.default\">\n\t\t\t\t<div class=\"elementor-widget-container\">\n\t\t\t\t\t\t\t\t\t\t\t\t\t\t\t<img fetchpriority=\"high\" decoding=\"async\" width=\"819\" height=\"1024\" src=\"https:\/\/novosite.chefsfactory.com.br\/wp-content\/uploads\/2025\/04\/Prancheta-18-819x1024.jpg\" class=\"attachment-large size-large wp-image-2006\" alt=\"\" srcset=\"https:\/\/novosite.chefsfactory.com.br\/wp-content\/uploads\/2025\/04\/Prancheta-18-819x1024.jpg 819w, https:\/\/novosite.chefsfactory.com.br\/wp-content\/uploads\/2025\/04\/Prancheta-18-240x300.jpg 240w, https:\/\/novosite.chefsfactory.com.br\/wp-content\/uploads\/2025\/04\/Prancheta-18-768x960.jpg 768w, https:\/\/novosite.chefsfactory.com.br\/wp-content\/uploads\/2025\/04\/Prancheta-18-600x750.jpg 600w, https:\/\/novosite.chefsfactory.com.br\/wp-content\/uploads\/2025\/04\/Prancheta-18.jpg 1024w\" sizes=\"(max-width: 819px) 100vw, 819px\" \/>\t\t\t\t\t\t\t\t\t\t\t\t\t\t\t<\/div>\n\t\t\t\t<\/div>\n\t\t\t\t<\/div>\n\t\t<div class=\"elementor-element elementor-element-62b7565 e-con-full e-flex elementor-invisible e-con e-child\" data-id=\"62b7565\" data-element_type=\"container\" data-settings=\"{&quot;jet_parallax_layout_list&quot;:[],&quot;animation&quot;:&quot;fadeInRight&quot;}\">\n\t\t\t\t<div class=\"elementor-element elementor-element-51c1cfd elementor-widget elementor-widget-heading\" data-id=\"51c1cfd\" data-element_type=\"widget\" data-widget_type=\"heading.default\">\n\t\t\t\t<div class=\"elementor-widget-container\">\n\t\t\t\t\t<h2 class=\"elementor-heading-title elementor-size-default\">Roll de Canela <\/h2>\t\t\t\t<\/div>\n\t\t\t\t<\/div>\n\t\t\t\t<div class=\"elementor-element elementor-element-6721f4a elementor-widget__width-initial elementor-widget elementor-widget-text-editor\" data-id=\"6721f4a\" data-element_type=\"widget\" data-widget_type=\"text-editor.default\">\n\t\t\t\t<div class=\"elementor-widget-container\">\n\t\t\t\t\t\t\t\t\t<div class=\"bx-im-message-image__container\"><div class=\"bx-im-message-image__bottom-container\"><div class=\"bx-im-message-default-content__container bx-im-message-default-content__scope\"><div class=\"bx-im-message-default-content__text\">Uma releitura sofisticada do cl\u00e1ssico Cinnamon Roll, feito com massa folhada em vez da tradicional massa brioche. Nosso Roll de Canela \u00e9 extremamente vers\u00e1til \u2014 aqui est\u00e3o algumas formas de servir:<\/div><\/div><\/div><\/div>\t\t\t\t\t\t\t\t<\/div>\n\t\t\t\t<\/div>\n\t\t\t\t<\/div>\n\t\t\t\t\t<\/div>\n\t\t\t\t<\/div>\n\t\t<div class=\"elementor-element elementor-element-5877092 e-flex e-con-boxed e-con e-parent\" data-id=\"5877092\" data-element_type=\"container\" data-settings=\"{&quot;jet_parallax_layout_list&quot;:[]}\">\n\t\t\t\t\t<div class=\"e-con-inner\">\n\t\t\t\t<div class=\"elementor-element elementor-element-6ef9f17 elementor-widget-divider--view-line elementor-invisible elementor-widget elementor-widget-divider\" data-id=\"6ef9f17\" data-element_type=\"widget\" data-settings=\"{&quot;_animation&quot;:&quot;zoomIn&quot;}\" data-widget_type=\"divider.default\">\n\t\t\t\t<div class=\"elementor-widget-container\">\n\t\t\t\t\t\t\t<div class=\"elementor-divider\">\n\t\t\t<span class=\"elementor-divider-separator\">\n\t\t\t\t\t\t<\/span>\n\t\t<\/div>\n\t\t\t\t\t\t<\/div>\n\t\t\t\t<\/div>\n\t\t\t\t\t<\/div>\n\t\t\t\t<\/div>\n\t\t<div class=\"elementor-element elementor-element-8d8ca46 e-flex e-con-boxed e-con e-parent\" data-id=\"8d8ca46\" data-element_type=\"container\" data-settings=\"{&quot;jet_parallax_layout_list&quot;:[]}\">\n\t\t\t\t\t<div class=\"e-con-inner\">\n\t\t<div class=\"elementor-element elementor-element-64f7b10 e-con-full e-flex elementor-invisible e-con e-child\" data-id=\"64f7b10\" data-element_type=\"container\" data-settings=\"{&quot;jet_parallax_layout_list&quot;:[],&quot;animation&quot;:&quot;fadeInLeft&quot;}\">\n\t\t\t\t<div class=\"elementor-element elementor-element-8fb5bac elementor-widget__width-initial elementor-widget elementor-widget-image\" data-id=\"8fb5bac\" data-element_type=\"widget\" data-widget_type=\"image.default\">\n\t\t\t\t<div class=\"elementor-widget-container\">\n\t\t\t\t\t\t\t\t\t\t\t\t\t\t\t<img decoding=\"async\" width=\"819\" height=\"1024\" src=\"https:\/\/novosite.chefsfactory.com.br\/wp-content\/uploads\/2025\/04\/Prancheta-19-819x1024.jpg\" class=\"attachment-large size-large wp-image-2007\" alt=\"\" srcset=\"https:\/\/novosite.chefsfactory.com.br\/wp-content\/uploads\/2025\/04\/Prancheta-19-819x1024.jpg 819w, https:\/\/novosite.chefsfactory.com.br\/wp-content\/uploads\/2025\/04\/Prancheta-19-240x300.jpg 240w, https:\/\/novosite.chefsfactory.com.br\/wp-content\/uploads\/2025\/04\/Prancheta-19-768x960.jpg 768w, https:\/\/novosite.chefsfactory.com.br\/wp-content\/uploads\/2025\/04\/Prancheta-19-600x750.jpg 600w, https:\/\/novosite.chefsfactory.com.br\/wp-content\/uploads\/2025\/04\/Prancheta-19.jpg 1024w\" sizes=\"(max-width: 819px) 100vw, 819px\" \/>\t\t\t\t\t\t\t\t\t\t\t\t\t\t\t<\/div>\n\t\t\t\t<\/div>\n\t\t\t\t<\/div>\n\t\t<div class=\"elementor-element elementor-element-24515b9 e-con-full e-flex elementor-invisible e-con e-child\" data-id=\"24515b9\" data-element_type=\"container\" data-settings=\"{&quot;jet_parallax_layout_list&quot;:[],&quot;animation&quot;:&quot;fadeInRight&quot;}\">\n\t\t\t\t<div class=\"elementor-element elementor-element-3185cb3 elementor-widget elementor-widget-heading\" data-id=\"3185cb3\" data-element_type=\"widget\" data-widget_type=\"heading.default\">\n\t\t\t\t<div class=\"elementor-widget-container\">\n\t\t\t\t\t<h2 class=\"elementor-heading-title elementor-size-default\">Roll de Calabresa<\/h2>\t\t\t\t<\/div>\n\t\t\t\t<\/div>\n\t\t\t\t<div class=\"elementor-element elementor-element-398e2a5 elementor-widget__width-initial elementor-widget elementor-widget-text-editor\" data-id=\"398e2a5\" data-element_type=\"widget\" data-widget_type=\"text-editor.default\">\n\t\t\t\t<div class=\"elementor-widget-container\">\n\t\t\t\t\t\t\t\t\t<div class=\"bx-im-message-image__container\"><div class=\"bx-im-message-image__bottom-container\"><div class=\"bx-im-message-default-content__container bx-im-message-default-content__scope\"><div class=\"bx-im-message-default-content__text\">Massa folhada crocante com um recheio saboroso de queijo e calabresa. Pr\u00e1tico, irresist\u00edvel e perfeito para comer com as m\u00e3os. Macio e suculento por dentro e crocante por fora.<\/div><\/div><\/div><\/div>\t\t\t\t\t\t\t\t<\/div>\n\t\t\t\t<\/div>\n\t\t\t\t<\/div>\n\t\t\t\t\t<\/div>\n\t\t\t\t<\/div>\n\t\t<div class=\"elementor-element elementor-element-0b7016f e-flex e-con-boxed e-con e-parent\" data-id=\"0b7016f\" data-element_type=\"container\" data-settings=\"{&quot;jet_parallax_layout_list&quot;:[]}\">\n\t\t\t\t\t<div class=\"e-con-inner\">\n\t\t\t\t<div class=\"elementor-element elementor-element-d74c818 elementor-widget-divider--view-line elementor-invisible elementor-widget elementor-widget-divider\" data-id=\"d74c818\" data-element_type=\"widget\" data-settings=\"{&quot;_animation&quot;:&quot;zoomIn&quot;}\" data-widget_type=\"divider.default\">\n\t\t\t\t<div class=\"elementor-widget-container\">\n\t\t\t\t\t\t\t<div class=\"elementor-divider\">\n\t\t\t<span class=\"elementor-divider-separator\">\n\t\t\t\t\t\t<\/span>\n\t\t<\/div>\n\t\t\t\t\t\t<\/div>\n\t\t\t\t<\/div>\n\t\t\t\t\t<\/div>\n\t\t\t\t<\/div>\n\t\t<div class=\"elementor-element elementor-element-442307a e-flex e-con-boxed e-con e-parent\" data-id=\"442307a\" data-element_type=\"container\" data-settings=\"{&quot;jet_parallax_layout_list&quot;:[]}\">\n\t\t\t\t\t<div class=\"e-con-inner\">\n\t\t<div class=\"elementor-element elementor-element-a12b5b9 e-con-full e-flex elementor-invisible e-con e-child\" data-id=\"a12b5b9\" data-element_type=\"container\" data-settings=\"{&quot;jet_parallax_layout_list&quot;:[],&quot;animation&quot;:&quot;fadeInLeft&quot;}\">\n\t\t\t\t<div class=\"elementor-element elementor-element-02f357c elementor-widget__width-initial elementor-widget elementor-widget-image\" data-id=\"02f357c\" data-element_type=\"widget\" data-widget_type=\"image.default\">\n\t\t\t\t<div class=\"elementor-widget-container\">\n\t\t\t\t\t\t\t\t\t\t\t\t\t\t\t<img decoding=\"async\" width=\"819\" height=\"1024\" src=\"https:\/\/novosite.chefsfactory.com.br\/wp-content\/uploads\/2025\/04\/Prancheta-20-819x1024.jpg\" class=\"attachment-large size-large wp-image-2008\" alt=\"\" srcset=\"https:\/\/novosite.chefsfactory.com.br\/wp-content\/uploads\/2025\/04\/Prancheta-20-819x1024.jpg 819w, https:\/\/novosite.chefsfactory.com.br\/wp-content\/uploads\/2025\/04\/Prancheta-20-240x300.jpg 240w, https:\/\/novosite.chefsfactory.com.br\/wp-content\/uploads\/2025\/04\/Prancheta-20-768x960.jpg 768w, https:\/\/novosite.chefsfactory.com.br\/wp-content\/uploads\/2025\/04\/Prancheta-20-600x750.jpg 600w, https:\/\/novosite.chefsfactory.com.br\/wp-content\/uploads\/2025\/04\/Prancheta-20.jpg 1024w\" sizes=\"(max-width: 819px) 100vw, 819px\" \/>\t\t\t\t\t\t\t\t\t\t\t\t\t\t\t<\/div>\n\t\t\t\t<\/div>\n\t\t\t\t<\/div>\n\t\t<div class=\"elementor-element elementor-element-c24b5cc e-con-full e-flex elementor-invisible e-con e-child\" data-id=\"c24b5cc\" data-element_type=\"container\" data-settings=\"{&quot;jet_parallax_layout_list&quot;:[],&quot;animation&quot;:&quot;fadeInRight&quot;}\">\n\t\t\t\t<div class=\"elementor-element elementor-element-a215e0c elementor-widget elementor-widget-heading\" data-id=\"a215e0c\" data-element_type=\"widget\" data-widget_type=\"heading.default\">\n\t\t\t\t<div class=\"elementor-widget-container\">\n\t\t\t\t\t<h2 class=\"elementor-heading-title elementor-size-default\">Roll de Coco<\/h2>\t\t\t\t<\/div>\n\t\t\t\t<\/div>\n\t\t\t\t<div class=\"elementor-element elementor-element-37c33aa elementor-widget__width-initial elementor-widget elementor-widget-text-editor\" data-id=\"37c33aa\" data-element_type=\"widget\" data-widget_type=\"text-editor.default\">\n\t\t\t\t<div class=\"elementor-widget-container\">\n\t\t\t\t\t\t\t\t\t<div class=\"bx-im-message-image__container\"><div class=\"bx-im-message-image__bottom-container\"><div class=\"bx-im-message-default-content__container bx-im-message-default-content__scope\"><div class=\"bx-im-message-default-content__text\">Um doce que abra\u00e7a a mem\u00f3ria e o paladar. Massa de brioche incrivelmente macia, generosamente recheada com coco e leite condensado, trazendo o sabor de inf\u00e2ncia daqueles bolos gelados e suculentos. Para uma experi\u00eancia ainda mais especial, sirva com sorvete e transforme cada mordida em pura nostalgia.<\/div><\/div><\/div><\/div>\t\t\t\t\t\t\t\t<\/div>\n\t\t\t\t<\/div>\n\t\t\t\t<\/div>\n\t\t\t\t\t<\/div>\n\t\t\t\t<\/div>\n\t\t<div class=\"elementor-element elementor-element-d5ec150 e-flex e-con-boxed e-con e-parent\" data-id=\"d5ec150\" data-element_type=\"container\" data-settings=\"{&quot;jet_parallax_layout_list&quot;:[]}\">\n\t\t\t\t\t<div class=\"e-con-inner\">\n\t\t\t\t<div class=\"elementor-element elementor-element-37bf4b0 elementor-widget-divider--view-line elementor-invisible elementor-widget elementor-widget-divider\" data-id=\"37bf4b0\" data-element_type=\"widget\" data-settings=\"{&quot;_animation&quot;:&quot;zoomIn&quot;}\" data-widget_type=\"divider.default\">\n\t\t\t\t<div class=\"elementor-widget-container\">\n\t\t\t\t\t\t\t<div class=\"elementor-divider\">\n\t\t\t<span class=\"elementor-divider-separator\">\n\t\t\t\t\t\t<\/span>\n\t\t<\/div>\n\t\t\t\t\t\t<\/div>\n\t\t\t\t<\/div>\n\t\t\t\t\t<\/div>\n\t\t\t\t<\/div>\n\t\t\t\t<\/div>\n\t\t","protected":false},"excerpt":{"rendered":"<p>Rolls Roll de Canela Uma releitura sofisticada do cl\u00e1ssico Cinnamon Roll, feito com massa folhada em vez da tradicional massa brioche. Nosso Roll de Canela \u00e9 extremamente vers\u00e1til \u2014 aqui est\u00e3o algumas formas de servir: Roll de Calabresa Massa folhada crocante com um recheio saboroso de queijo e calabresa. Pr\u00e1tico, irresist\u00edvel e perfeito para comer [&hellip;]<\/p>\n","protected":false},"author":1,"featured_media":0,"parent":0,"menu_order":0,"comment_status":"closed","ping_status":"closed","template":"elementor_header_footer","meta":{"footnotes":""},"class_list":["post-668","page","type-page","status-publish","hentry"],"_links":{"self":[{"href":"https:\/\/novosite.chefsfactory.com.br\/index.php?rest_route=\/wp\/v2\/pages\/668","targetHints":{"allow":["GET"]}}],"collection":[{"href":"https:\/\/novosite.chefsfactory.com.br\/index.php?rest_route=\/wp\/v2\/pages"}],"about":[{"href":"https:\/\/novosite.chefsfactory.com.br\/index.php?rest_route=\/wp\/v2\/types\/page"}],"author":[{"embeddable":true,"href":"https:\/\/novosite.chefsfactory.com.br\/index.php?rest_route=\/wp\/v2\/users\/1"}],"replies":[{"embeddable":true,"href":"https:\/\/novosite.chefsfactory.com.br\/index.php?rest_route=%2Fwp%2Fv2%2Fcomments&post=668"}],"version-history":[{"count":5,"href":"https:\/\/novosite.chefsfactory.com.br\/index.php?rest_route=\/wp\/v2\/pages\/668\/revisions"}],"predecessor-version":[{"id":2011,"href":"https:\/\/novosite.chefsfactory.com.br\/index.php?rest_route=\/wp\/v2\/pages\/668\/revisions\/2011"}],"wp:attachment":[{"href":"https:\/\/novosite.chefsfactory.com.br\/index.php?rest_route=%2Fwp%2Fv2%2Fmedia&parent=668"}],"curies":[{"name":"wp","href":"https:\/\/api.w.org\/{rel}","templated":true}]}}