{"id":686,"date":"2025-01-31T12:08:42","date_gmt":"2025-01-31T15:08:42","guid":{"rendered":"https:\/\/novosite.chefsfactory.com.br\/?page_id=686"},"modified":"2025-02-05T17:28:16","modified_gmt":"2025-02-05T20:28:16","slug":"nossa-historia-2","status":"publish","type":"page","link":"https:\/\/novosite.chefsfactory.com.br\/?page_id=686","title":{"rendered":"HIST\u00d3RIA DA F\u00c1BRICA"},"content":{"rendered":"\t\t<div data-elementor-type=\"wp-page\" data-elementor-id=\"686\" class=\"elementor elementor-686\">\n\t\t\t\t<div class=\"elementor-element elementor-element-57b66b4 e-flex e-con-boxed e-con e-parent\" data-id=\"57b66b4\" data-element_type=\"container\" data-settings=\"{&quot;jet_parallax_layout_list&quot;:[]}\">\n\t\t\t\t\t<div class=\"e-con-inner\">\n\t\t<div class=\"elementor-element elementor-element-fe1d5bf e-con-full e-flex e-con e-child\" data-id=\"fe1d5bf\" data-element_type=\"container\" data-settings=\"{&quot;jet_parallax_layout_list&quot;:[]}\">\n\t\t\t\t<div class=\"elementor-element elementor-element-11cfe70 elementor-widget elementor-widget-heading\" data-id=\"11cfe70\" data-element_type=\"widget\" data-widget_type=\"heading.default\">\n\t\t\t\t<div class=\"elementor-widget-container\">\n\t\t\t\t\t<h2 class=\"elementor-heading-title elementor-size-default\">Hist\u00f3ria da F\u00e1brica<\/h2>\t\t\t\t<\/div>\n\t\t\t\t<\/div>\n\t\t\t\t<div class=\"elementor-element elementor-element-545a214 elementor-widget elementor-widget-text-editor\" data-id=\"545a214\" data-element_type=\"widget\" data-widget_type=\"text-editor.default\">\n\t\t\t\t<div class=\"elementor-widget-container\">\n\t\t\t\t\t\t\t\t\t<p>\u00a0<\/p><p>\u00a0 \u00a0 A ind\u00fastria de alimentos Chef\u2019s Factory, pertencente \u00e0 Holding inFlux English School \u2014 a rede de franquias mais premiada no s\u00e9culo XXI pela Associa\u00e7\u00e3o Brasileira de Franchising \u2014 foi criada para preencher uma lacuna cr\u00edtica encontrada no mercado de alimentos congelados. A curiosidade \u00e9 que a ind\u00fastria, em um primeiro momento, nem estava planejada de existir.<\/p><p>\u00a0 \u00a0 Durante a cria\u00e7\u00e3o do Zingy Smart Coffee, segunda rede de franquias da Holding, a necessidade de manter padr\u00f5es elevados de excel\u00eancia era primordial. At\u00e9 mesmo consultorias renomadas e baristas premiados foram contratados para a concep\u00e7\u00e3o do card\u00e1pio de bebidas. No entanto, a formata\u00e7\u00e3o do card\u00e1pio de alimentos revelou uma car\u00eancia: mesmo ap\u00f3s uma s\u00e9rie de degusta\u00e7\u00f5es nas mais variadas ind\u00fastrias de alimentos do Paran\u00e1, S\u00e3o Paulo e Santa Catarina, n\u00e3o foram encontradas op\u00e7\u00f5es de salgados ou doces assados e congelados que proporcionassem a experi\u00eancia gastron\u00f4mica premium esperada para a rede Zingy. Para viabilizar a cria\u00e7\u00e3o da rede de cafeterias, a Holding inFlux percebeu ent\u00e3o a necessidade de verticalizar a produ\u00e7\u00e3o dos alimentos, dando origem \u00e0 Chef\u2019s Factory.<\/p><p>\u00a0 \u00a0 Para comandar a produ\u00e7\u00e3o da ind\u00fastria entrou na sociedade o renomado Chef Junior Stelita, trazendo toda sua bagagem como especialista em viennoiserie, a arte dos folhados. Trabalhando sempre com os melhores insumos do mercado, Junior conta com uma seleta equipe de confeiteiros, engenheiros alimentares e especialistas em qualidade que, com uma aten\u00e7\u00e3o meticulosa aos detalhes transforma cada produto em verdadeiras obras-primas folhadas.<\/p><p>\u00a0 \u00a0 Al\u00e9m dos produtos exclusivos para a rede Zingy, foi ainda criada uma linha de produtos para levar hot\u00e9is, padarias, cafeterias, lojas de conveni\u00eancia ou supermercados para um outro patamar. Hoje s\u00e3o mais de 30 op\u00e7\u00f5es entre doces e salgados: croissants, mini croissants, \u00e9clairs, quiches, rolls, tortas e twists, todos com sabores \u00fanicos que conquistam os paladares mais exigentes.<\/p><p>\u00a0 \u00a0 Somado ao evidente diferencial sensorial, a ind\u00fastria se diferencia por adotar um processo que evita desperd\u00edcios e eleva a experi\u00eancia do consumidor final. Ao inv\u00e9s de oferecer produtos in natura, que demandam fermenta\u00e7\u00e3o e assamento demorados nos estabelecimentos, a f\u00e1brica entrega alimentos j\u00e1 fermentados, assados e ultracongelados.<\/p><p>\u00a0 \u00a0 Esse moderno processo de ultracongelamento preserva o frescor, textura e sabor dos alimentos, como se fossem produzidos na hora, garantindo ainda um prazo de validade estendido de at\u00e9 6 meses, sem adi\u00e7\u00e3o de conservantes, al\u00e9m de praticidade e economia aos neg\u00f3cios parceiros.<\/p>\t\t\t\t\t\t\t\t<\/div>\n\t\t\t\t<\/div>\n\t\t\t\t<\/div>\n\t\t<div class=\"elementor-element elementor-element-dcf086e e-con-full e-flex e-con e-child\" data-id=\"dcf086e\" data-element_type=\"container\" data-settings=\"{&quot;jet_parallax_layout_list&quot;:[]}\">\n\t\t\t\t<div class=\"elementor-element elementor-element-a8d587e elementor-widget elementor-widget-image\" data-id=\"a8d587e\" data-element_type=\"widget\" data-widget_type=\"image.default\">\n\t\t\t\t<div class=\"elementor-widget-container\">\n\t\t\t\t\t\t\t\t\t\t\t\t\t\t\t<img decoding=\"async\" src=\"https:\/\/novosite.chefsfactory.com.br\/wp-content\/plugins\/elementor\/assets\/images\/placeholder.png\" title=\"\" alt=\"\" loading=\"lazy\" \/>\t\t\t\t\t\t\t\t\t\t\t\t\t\t\t<\/div>\n\t\t\t\t<\/div>\n\t\t\t\t<div class=\"elementor-element elementor-element-39925ef elementor-widget elementor-widget-video\" data-id=\"39925ef\" data-element_type=\"widget\" data-settings=\"{&quot;youtube_url&quot;:&quot;https:\\\/\\\/www.youtube.com\\\/watch?v=XHOmBV4js_E&quot;,&quot;video_type&quot;:&quot;youtube&quot;,&quot;controls&quot;:&quot;yes&quot;}\" data-widget_type=\"video.default\">\n\t\t\t\t<div class=\"elementor-widget-container\">\n\t\t\t\t\t\t\t<div class=\"elementor-wrapper elementor-open-inline\">\n\t\t\t<div class=\"elementor-video\"><\/div>\t\t<\/div>\n\t\t\t\t\t\t<\/div>\n\t\t\t\t<\/div>\n\t\t\t\t<\/div>\n\t\t\t\t\t<\/div>\n\t\t\t\t<\/div>\n\t\t\t\t<\/div>\n\t\t","protected":false},"excerpt":{"rendered":"<p>Hist\u00f3ria da F\u00e1brica \u00a0 \u00a0 \u00a0 A ind\u00fastria de alimentos Chef\u2019s Factory, pertencente \u00e0 Holding inFlux English School \u2014 a rede de franquias mais premiada no s\u00e9culo XXI pela Associa\u00e7\u00e3o Brasileira de Franchising \u2014 foi criada para preencher uma lacuna cr\u00edtica encontrada no mercado de alimentos congelados. A curiosidade \u00e9 que a ind\u00fastria, em um [&hellip;]<\/p>\n","protected":false},"author":1,"featured_media":0,"parent":0,"menu_order":0,"comment_status":"closed","ping_status":"closed","template":"elementor_header_footer","meta":{"footnotes":""},"class_list":["post-686","page","type-page","status-publish","hentry"],"_links":{"self":[{"href":"https:\/\/novosite.chefsfactory.com.br\/index.php?rest_route=\/wp\/v2\/pages\/686","targetHints":{"allow":["GET"]}}],"collection":[{"href":"https:\/\/novosite.chefsfactory.com.br\/index.php?rest_route=\/wp\/v2\/pages"}],"about":[{"href":"https:\/\/novosite.chefsfactory.com.br\/index.php?rest_route=\/wp\/v2\/types\/page"}],"author":[{"embeddable":true,"href":"https:\/\/novosite.chefsfactory.com.br\/index.php?rest_route=\/wp\/v2\/users\/1"}],"replies":[{"embeddable":true,"href":"https:\/\/novosite.chefsfactory.com.br\/index.php?rest_route=%2Fwp%2Fv2%2Fcomments&post=686"}],"version-history":[{"count":8,"href":"https:\/\/novosite.chefsfactory.com.br\/index.php?rest_route=\/wp\/v2\/pages\/686\/revisions"}],"predecessor-version":[{"id":1399,"href":"https:\/\/novosite.chefsfactory.com.br\/index.php?rest_route=\/wp\/v2\/pages\/686\/revisions\/1399"}],"wp:attachment":[{"href":"https:\/\/novosite.chefsfactory.com.br\/index.php?rest_route=%2Fwp%2Fv2%2Fmedia&parent=686"}],"curies":[{"name":"wp","href":"https:\/\/api.w.org\/{rel}","templated":true}]}}