{"id":771,"date":"2025-01-31T12:50:21","date_gmt":"2025-01-31T15:50:21","guid":{"rendered":"https:\/\/novosite.chefsfactory.com.br\/?page_id=771"},"modified":"2025-02-19T13:33:13","modified_gmt":"2025-02-19T16:33:13","slug":"industria-sustentavel","status":"publish","type":"page","link":"https:\/\/novosite.chefsfactory.com.br\/?page_id=771","title":{"rendered":"IND\u00daSTRIA SUSTENT\u00c1VEL"},"content":{"rendered":"\t\t<div data-elementor-type=\"wp-page\" data-elementor-id=\"771\" class=\"elementor elementor-771\">\n\t\t\t\t<div class=\"elementor-element elementor-element-2de76e0 e-flex e-con-boxed e-con e-parent\" data-id=\"2de76e0\" data-element_type=\"container\" data-settings=\"{&quot;jet_parallax_layout_list&quot;:[]}\">\n\t\t\t\t\t<div class=\"e-con-inner\">\n\t\t<div class=\"elementor-element elementor-element-a77cb14 e-con-full e-flex e-con e-child\" data-id=\"a77cb14\" data-element_type=\"container\" data-settings=\"{&quot;jet_parallax_layout_list&quot;:[]}\">\n\t\t\t\t<div class=\"elementor-element elementor-element-284d66e elementor-widget elementor-widget-heading\" data-id=\"284d66e\" data-element_type=\"widget\" data-widget_type=\"heading.default\">\n\t\t\t\t<div class=\"elementor-widget-container\">\n\t\t\t\t\t<h2 class=\"elementor-heading-title elementor-size-default\">Ind\u00fastria Sustent\u00e1vel<\/h2>\t\t\t\t<\/div>\n\t\t\t\t<\/div>\n\t\t\t\t<div class=\"elementor-element elementor-element-d66741d elementor-widget__width-initial elementor-widget elementor-widget-text-editor\" data-id=\"d66741d\" data-element_type=\"widget\" data-widget_type=\"text-editor.default\">\n\t\t\t\t<div class=\"elementor-widget-container\">\n\t\t\t\t\t\t\t\t\t<p>\u00a0 \u00a0Entendemos desde o come\u00e7o que ESG deveria ser muito mais do que uma sigla. O cuidado com a seguran\u00e7a, o desenvolvimento, a diversidade e inclus\u00e3o do nosso time s\u00e3o prioridades para n\u00f3s.<\/p><p>\u00a0 \u00a0Nosso compromisso come\u00e7a na gest\u00e3o respons\u00e1vel da origem dos suprimentos e se estende \u00e0 economia de \u00e1gua, energia e insumos, al\u00e9m do descarte correto de res\u00edduos, que s\u00e3o destinados \u00e0 compostagem. Al\u00e9m disso, toda a energia consumida na Chef\u2019s Factory \u00e9 limpa, gerada inteiramente por nossas pr\u00f3prias placas solares.<\/p>\t\t\t\t\t\t\t\t<\/div>\n\t\t\t\t<\/div>\n\t\t\t\t<\/div>\n\t\t<div class=\"elementor-element elementor-element-873afe1 e-con-full e-flex e-con e-child\" data-id=\"873afe1\" data-element_type=\"container\" data-settings=\"{&quot;jet_parallax_layout_list&quot;:[]}\">\n\t\t\t\t<div class=\"elementor-element elementor-element-b0612d4 elementor-widget elementor-widget-image\" data-id=\"b0612d4\" data-element_type=\"widget\" data-widget_type=\"image.default\">\n\t\t\t\t<div class=\"elementor-widget-container\">\n\t\t\t\t\t\t\t\t\t\t\t\t\t\t\t<img fetchpriority=\"high\" decoding=\"async\" width=\"1024\" height=\"768\" src=\"https:\/\/novosite.chefsfactory.com.br\/wp-content\/uploads\/2025\/02\/WhatsApp-Image-2024-04-22-at-09.34.00-1024x768.jpg\" class=\"attachment-large size-large wp-image-1800\" alt=\"\" srcset=\"https:\/\/novosite.chefsfactory.com.br\/wp-content\/uploads\/2025\/02\/WhatsApp-Image-2024-04-22-at-09.34.00-1024x768.jpg 1024w, https:\/\/novosite.chefsfactory.com.br\/wp-content\/uploads\/2025\/02\/WhatsApp-Image-2024-04-22-at-09.34.00-300x225.jpg 300w, https:\/\/novosite.chefsfactory.com.br\/wp-content\/uploads\/2025\/02\/WhatsApp-Image-2024-04-22-at-09.34.00-768x576.jpg 768w, https:\/\/novosite.chefsfactory.com.br\/wp-content\/uploads\/2025\/02\/WhatsApp-Image-2024-04-22-at-09.34.00-600x450.jpg 600w, https:\/\/novosite.chefsfactory.com.br\/wp-content\/uploads\/2025\/02\/WhatsApp-Image-2024-04-22-at-09.34.00.jpg 1280w\" sizes=\"(max-width: 1024px) 100vw, 1024px\" \/>\t\t\t\t\t\t\t\t\t\t\t\t\t\t\t<\/div>\n\t\t\t\t<\/div>\n\t\t\t\t<div class=\"elementor-element elementor-element-e52295e elementor-widget elementor-widget-image\" data-id=\"e52295e\" data-element_type=\"widget\" data-widget_type=\"image.default\">\n\t\t\t\t<div class=\"elementor-widget-container\">\n\t\t\t\t\t\t\t\t\t\t\t\t\t\t\t<img decoding=\"async\" src=\"https:\/\/novosite.chefsfactory.com.br\/wp-content\/plugins\/elementor\/assets\/images\/placeholder.png\" title=\"\" alt=\"\" loading=\"lazy\" \/>\t\t\t\t\t\t\t\t\t\t\t\t\t\t\t<\/div>\n\t\t\t\t<\/div>\n\t\t\t\t<\/div>\n\t\t\t\t\t<\/div>\n\t\t\t\t<\/div>\n\t\t\t\t<\/div>\n\t\t","protected":false},"excerpt":{"rendered":"<p>Ind\u00fastria Sustent\u00e1vel \u00a0 \u00a0Entendemos desde o come\u00e7o que ESG deveria ser muito mais do que uma sigla. O cuidado com a seguran\u00e7a, o desenvolvimento, a diversidade e inclus\u00e3o do nosso time s\u00e3o prioridades para n\u00f3s. \u00a0 \u00a0Nosso compromisso come\u00e7a na gest\u00e3o respons\u00e1vel da origem dos suprimentos e se estende \u00e0 economia de \u00e1gua, energia e [&hellip;]<\/p>\n","protected":false},"author":1,"featured_media":0,"parent":0,"menu_order":0,"comment_status":"closed","ping_status":"closed","template":"elementor_header_footer","meta":{"footnotes":""},"class_list":["post-771","page","type-page","status-publish","hentry"],"_links":{"self":[{"href":"https:\/\/novosite.chefsfactory.com.br\/index.php?rest_route=\/wp\/v2\/pages\/771","targetHints":{"allow":["GET"]}}],"collection":[{"href":"https:\/\/novosite.chefsfactory.com.br\/index.php?rest_route=\/wp\/v2\/pages"}],"about":[{"href":"https:\/\/novosite.chefsfactory.com.br\/index.php?rest_route=\/wp\/v2\/types\/page"}],"author":[{"embeddable":true,"href":"https:\/\/novosite.chefsfactory.com.br\/index.php?rest_route=\/wp\/v2\/users\/1"}],"replies":[{"embeddable":true,"href":"https:\/\/novosite.chefsfactory.com.br\/index.php?rest_route=%2Fwp%2Fv2%2Fcomments&post=771"}],"version-history":[{"count":13,"href":"https:\/\/novosite.chefsfactory.com.br\/index.php?rest_route=\/wp\/v2\/pages\/771\/revisions"}],"predecessor-version":[{"id":1803,"href":"https:\/\/novosite.chefsfactory.com.br\/index.php?rest_route=\/wp\/v2\/pages\/771\/revisions\/1803"}],"wp:attachment":[{"href":"https:\/\/novosite.chefsfactory.com.br\/index.php?rest_route=%2Fwp%2Fv2%2Fmedia&parent=771"}],"curies":[{"name":"wp","href":"https:\/\/api.w.org\/{rel}","templated":true}]}}