{"id":837,"date":"2025-01-31T16:53:56","date_gmt":"2025-01-31T19:53:56","guid":{"rendered":"https:\/\/novosite.chefsfactory.com.br\/?page_id=837"},"modified":"2025-02-27T15:53:47","modified_gmt":"2025-02-27T18:53:47","slug":"home-2","status":"publish","type":"page","link":"https:\/\/novosite.chefsfactory.com.br\/","title":{"rendered":"Home"},"content":{"rendered":"\t\t<div data-elementor-type=\"wp-post\" data-elementor-id=\"837\" class=\"elementor elementor-837\">\n\t\t\t\t<div class=\"elementor-element elementor-element-27915f2 e-flex e-con-boxed e-con e-parent\" data-id=\"27915f2\" data-element_type=\"container\" data-settings=\"{&quot;jet_parallax_layout_list&quot;:[]}\">\n\t\t\t\t\t<div class=\"e-con-inner\">\n\t\t\t\t\t<\/div>\n\t\t\t\t<\/div>\n\t\t<div class=\"elementor-element elementor-element-2a8c840 e-flex e-con-boxed e-con e-parent\" data-id=\"2a8c840\" data-element_type=\"container\" data-settings=\"{&quot;jet_parallax_layout_list&quot;:[]}\">\n\t\t\t\t\t<div class=\"e-con-inner\">\n\t\t<div class=\"elementor-element elementor-element-84d8ac1 e-con-full e-flex e-con e-child\" data-id=\"84d8ac1\" data-element_type=\"container\" data-settings=\"{&quot;jet_parallax_layout_list&quot;:[]}\">\n\t\t\t\t<div class=\"elementor-element elementor-element-7aeb568 elementor-widget elementor-widget-heading\" data-id=\"7aeb568\" data-element_type=\"widget\" data-widget_type=\"heading.default\">\n\t\t\t\t<div class=\"elementor-widget-container\">\n\t\t\t\t\t<h2 class=\"elementor-heading-title elementor-size-default\">ESPECIALISTAS  EM VIENNOISERIE<\/h2>\t\t\t\t<\/div>\n\t\t\t\t<\/div>\n\t\t\t\t<div class=\"elementor-element elementor-element-1819c8b elementor-widget elementor-widget-heading\" data-id=\"1819c8b\" data-element_type=\"widget\" data-widget_type=\"heading.default\">\n\t\t\t\t<div class=\"elementor-widget-container\">\n\t\t\t\t\t<h2 class=\"elementor-heading-title elementor-size-default\">A ARTE DOS FOLHADOS<\/h2>\t\t\t\t<\/div>\n\t\t\t\t<\/div>\n\t\t\t\t<div class=\"elementor-element elementor-element-000393f elementor-widget__width-initial elementor-widget elementor-widget-text-editor\" data-id=\"000393f\" data-element_type=\"widget\" data-widget_type=\"text-editor.default\">\n\t\t\t\t<div class=\"elementor-widget-container\">\n\t\t\t\t\t\t\t\t\t<p><br \/>Ao provar nossa linha de folhados, seus clientes far\u00e3o uma verdadeira viagem gastron\u00f4mica para os<br \/>melhores caf\u00e9s de Paris. Os folhados Chef&#8217;s Factory s\u00e3o feitos com manteiga e gordura 100% naturais do leite, garantindo uma casquinha crocante, extrema leveza e um sabor sutil de manteiga.<\/p>\t\t\t\t\t\t\t\t<\/div>\n\t\t\t\t<\/div>\n\t\t\t\t<\/div>\n\t\t<div class=\"elementor-element elementor-element-34e4813 e-con-full elementor-hidden-mobile e-flex e-con e-child\" data-id=\"34e4813\" data-element_type=\"container\" data-settings=\"{&quot;jet_parallax_layout_list&quot;:[]}\">\n\t\t\t\t<div class=\"elementor-element elementor-element-5170273 elementor-widget__width-initial elementor-hidden-tablet elementor-hidden-mobile elementor-widget elementor-widget-image\" data-id=\"5170273\" data-element_type=\"widget\" data-widget_type=\"image.default\">\n\t\t\t\t<div class=\"elementor-widget-container\">\n\t\t\t\t\t\t\t\t\t\t\t\t\t\t\t<img fetchpriority=\"high\" decoding=\"async\" width=\"1024\" height=\"1024\" src=\"https:\/\/novosite.chefsfactory.com.br\/wp-content\/uploads\/2025\/01\/Assinatura_Stelita-1024x1024.png\" class=\"attachment-large size-large wp-image-792\" alt=\"\" srcset=\"https:\/\/novosite.chefsfactory.com.br\/wp-content\/uploads\/2025\/01\/Assinatura_Stelita-1024x1024.png 1024w, https:\/\/novosite.chefsfactory.com.br\/wp-content\/uploads\/2025\/01\/Assinatura_Stelita-300x300.png 300w, https:\/\/novosite.chefsfactory.com.br\/wp-content\/uploads\/2025\/01\/Assinatura_Stelita-150x150.png 150w, https:\/\/novosite.chefsfactory.com.br\/wp-content\/uploads\/2025\/01\/Assinatura_Stelita-768x768.png 768w, https:\/\/novosite.chefsfactory.com.br\/wp-content\/uploads\/2025\/01\/Assinatura_Stelita.png 1080w\" sizes=\"(max-width: 1024px) 100vw, 1024px\" \/>\t\t\t\t\t\t\t\t\t\t\t\t\t\t\t<\/div>\n\t\t\t\t<\/div>\n\t\t\t\t<div class=\"elementor-element elementor-element-2c73fe4 elementor-widget__width-initial elementor-hidden-tablet elementor-hidden-mobile elementor-widget elementor-widget-image\" data-id=\"2c73fe4\" data-element_type=\"widget\" data-widget_type=\"image.default\">\n\t\t\t\t<div class=\"elementor-widget-container\">\n\t\t\t\t\t\t\t\t\t\t\t\t\t\t\t<img decoding=\"async\" width=\"1022\" height=\"1536\" src=\"https:\/\/novosite.chefsfactory.com.br\/wp-content\/uploads\/2025\/02\/Stelita-01.2-1-1022x1536.png\" class=\"attachment-1536x1536 size-1536x1536 wp-image-1209\" alt=\"\" srcset=\"https:\/\/novosite.chefsfactory.com.br\/wp-content\/uploads\/2025\/02\/Stelita-01.2-1-1022x1536.png 1022w, https:\/\/novosite.chefsfactory.com.br\/wp-content\/uploads\/2025\/02\/Stelita-01.2-1-200x300.png 200w, https:\/\/novosite.chefsfactory.com.br\/wp-content\/uploads\/2025\/02\/Stelita-01.2-1-682x1024.png 682w, https:\/\/novosite.chefsfactory.com.br\/wp-content\/uploads\/2025\/02\/Stelita-01.2-1-768x1154.png 768w, https:\/\/novosite.chefsfactory.com.br\/wp-content\/uploads\/2025\/02\/Stelita-01.2-1.png 1363w\" sizes=\"(max-width: 1022px) 100vw, 1022px\" \/>\t\t\t\t\t\t\t\t\t\t\t\t\t\t\t<\/div>\n\t\t\t\t<\/div>\n\t\t\t\t<\/div>\n\t\t\t\t\t<\/div>\n\t\t\t\t<\/div>\n\t\t<div class=\"elementor-element elementor-element-5d80289 elementor-hidden-desktop e-flex e-con-boxed e-con e-parent\" data-id=\"5d80289\" data-element_type=\"container\" data-settings=\"{&quot;jet_parallax_layout_list&quot;:[]}\">\n\t\t\t\t\t<div class=\"e-con-inner\">\n\t\t<div class=\"elementor-element elementor-element-23040e1 e-con-full e-flex e-con e-child\" data-id=\"23040e1\" data-element_type=\"container\" data-settings=\"{&quot;jet_parallax_layout_list&quot;:[]}\">\n\t\t\t\t<div class=\"elementor-element elementor-element-ba0d83f elementor-widget-mobile__width-initial elementor-widget elementor-widget-image\" data-id=\"ba0d83f\" data-element_type=\"widget\" data-widget_type=\"image.default\">\n\t\t\t\t<div class=\"elementor-widget-container\">\n\t\t\t\t\t\t\t\t\t\t\t\t\t\t\t<img fetchpriority=\"high\" decoding=\"async\" width=\"1024\" height=\"1024\" src=\"https:\/\/novosite.chefsfactory.com.br\/wp-content\/uploads\/2025\/01\/Assinatura_Stelita-1024x1024.png\" class=\"attachment-large size-large wp-image-792\" alt=\"\" srcset=\"https:\/\/novosite.chefsfactory.com.br\/wp-content\/uploads\/2025\/01\/Assinatura_Stelita-1024x1024.png 1024w, https:\/\/novosite.chefsfactory.com.br\/wp-content\/uploads\/2025\/01\/Assinatura_Stelita-300x300.png 300w, https:\/\/novosite.chefsfactory.com.br\/wp-content\/uploads\/2025\/01\/Assinatura_Stelita-150x150.png 150w, https:\/\/novosite.chefsfactory.com.br\/wp-content\/uploads\/2025\/01\/Assinatura_Stelita-768x768.png 768w, https:\/\/novosite.chefsfactory.com.br\/wp-content\/uploads\/2025\/01\/Assinatura_Stelita.png 1080w\" sizes=\"(max-width: 1024px) 100vw, 1024px\" \/>\t\t\t\t\t\t\t\t\t\t\t\t\t\t\t<\/div>\n\t\t\t\t<\/div>\n\t\t\t\t<\/div>\n\t\t<div class=\"elementor-element elementor-element-d7fc1ae e-con-full e-flex e-con e-child\" data-id=\"d7fc1ae\" data-element_type=\"container\" data-settings=\"{&quot;jet_parallax_layout_list&quot;:[]}\">\n\t\t\t\t<div class=\"elementor-element elementor-element-1caddb5 elementor-widget elementor-widget-image\" data-id=\"1caddb5\" data-element_type=\"widget\" data-widget_type=\"image.default\">\n\t\t\t\t<div class=\"elementor-widget-container\">\n\t\t\t\t\t\t\t\t\t\t\t\t\t\t\t<img decoding=\"async\" width=\"682\" height=\"1024\" src=\"https:\/\/novosite.chefsfactory.com.br\/wp-content\/uploads\/2025\/02\/Stelita-01.2-1-682x1024.png\" class=\"attachment-large size-large wp-image-1209\" alt=\"\" srcset=\"https:\/\/novosite.chefsfactory.com.br\/wp-content\/uploads\/2025\/02\/Stelita-01.2-1-682x1024.png 682w, https:\/\/novosite.chefsfactory.com.br\/wp-content\/uploads\/2025\/02\/Stelita-01.2-1-200x300.png 200w, https:\/\/novosite.chefsfactory.com.br\/wp-content\/uploads\/2025\/02\/Stelita-01.2-1-768x1154.png 768w, https:\/\/novosite.chefsfactory.com.br\/wp-content\/uploads\/2025\/02\/Stelita-01.2-1-1022x1536.png 1022w, https:\/\/novosite.chefsfactory.com.br\/wp-content\/uploads\/2025\/02\/Stelita-01.2-1.png 1363w\" sizes=\"(max-width: 682px) 100vw, 682px\" \/>\t\t\t\t\t\t\t\t\t\t\t\t\t\t\t<\/div>\n\t\t\t\t<\/div>\n\t\t\t\t<\/div>\n\t\t\t\t\t<\/div>\n\t\t\t\t<\/div>\n\t\t\t\t<\/div>\n\t\t","protected":false},"excerpt":{"rendered":"<p>ESPECIALISTAS EM VIENNOISERIE A ARTE DOS FOLHADOS Ao provar nossa linha de folhados, seus clientes far\u00e3o uma verdadeira viagem gastron\u00f4mica para osmelhores caf\u00e9s de Paris. Os folhados Chef&#8217;s Factory s\u00e3o feitos com manteiga e gordura 100% naturais do leite, garantindo uma casquinha crocante, extrema leveza e um sabor sutil de manteiga.<\/p>\n","protected":false},"author":1,"featured_media":0,"parent":0,"menu_order":0,"comment_status":"closed","ping_status":"closed","template":"elementor_header_footer","meta":{"footnotes":""},"class_list":["post-837","page","type-page","status-publish","hentry"],"_links":{"self":[{"href":"https:\/\/novosite.chefsfactory.com.br\/index.php?rest_route=\/wp\/v2\/pages\/837","targetHints":{"allow":["GET"]}}],"collection":[{"href":"https:\/\/novosite.chefsfactory.com.br\/index.php?rest_route=\/wp\/v2\/pages"}],"about":[{"href":"https:\/\/novosite.chefsfactory.com.br\/index.php?rest_route=\/wp\/v2\/types\/page"}],"author":[{"embeddable":true,"href":"https:\/\/novosite.chefsfactory.com.br\/index.php?rest_route=\/wp\/v2\/users\/1"}],"replies":[{"embeddable":true,"href":"https:\/\/novosite.chefsfactory.com.br\/index.php?rest_route=%2Fwp%2Fv2%2Fcomments&post=837"}],"version-history":[{"count":110,"href":"https:\/\/novosite.chefsfactory.com.br\/index.php?rest_route=\/wp\/v2\/pages\/837\/revisions"}],"predecessor-version":[{"id":1888,"href":"https:\/\/novosite.chefsfactory.com.br\/index.php?rest_route=\/wp\/v2\/pages\/837\/revisions\/1888"}],"wp:attachment":[{"href":"https:\/\/novosite.chefsfactory.com.br\/index.php?rest_route=%2Fwp%2Fv2%2Fmedia&parent=837"}],"curies":[{"name":"wp","href":"https:\/\/api.w.org\/{rel}","templated":true}]}}